{"id":410,"date":"2018-01-22T08:52:02","date_gmt":"2018-01-22T08:52:02","guid":{"rendered":"http:\/\/dev.joomexp.com\/wordpress\/consider\/?page_id=410"},"modified":"2021-11-09T05:24:59","modified_gmt":"2021-11-09T04:24:59","slug":"about-3","status":"publish","type":"page","link":"https:\/\/www.megaredcorp.com\/Ecuador\/about-3\/","title":{"rendered":"Quienes Somos"},"content":{"rendered":"<p>[vc_row full_width=&#8221;stretch_row_content_no_spaces&#8221; content_placement=&#8221;middle&#8221; css_animation=&#8221;none&#8221; overlay_opacity=&#8221;&#8221;][vc_column offset=&#8221;vc_col-lg-6 vc_col-md-12&#8243;][cms_team_single layout_mode=&#8221;layout1&#8243; border_image=&#8221;&#8221; options=&#8221;%5B%7B%22social_link%22%3A%22%23%22%2C%22icon_class%22%3A%22fa%20fa-facebook%22%7D%2C%7B%22social_link%22%3A%22%23%22%2C%22icon_class%22%3A%22fa%20fa-twitter%22%7D%2C%7B%22social_link%22%3A%22%23%22%2C%22icon_class%22%3A%22fa%20fa-google-plus%22%7D%5D&#8221; image=&#8221;3879&#8243;][\/vc_column][vc_column offset=&#8221;vc_col-lg-6 vc_col-md-12&#8243; el_class=&#8221;small-column&#8221;][vc_video link=&#8221;https:\/\/youtu.be\/O3_rJ3lpUXY&#8221; align=&#8221;center&#8221;][cms_custom_heading heading_style=&#8221;style4&#8243; show_icon=&#8221;&#8221; ttext-align=&#8221;text-left&#8221; small=&#8221;&#8221; title=&#8221;Megaredcorp&#8221; css=&#8221;.vc_custom_1559061298202{margin-bottom: 15px !important;}&#8221; tfont-size=&#8221;51px&#8221; tline-height=&#8221;60px&#8221;][vc_column_text font_size=&#8221;16px&#8221; color=&#8221;#1a1818&#8243; css=&#8221;.vc_custom_1565884448263{padding-right: 100px !important;padding-bottom: 20px !important;padding-left: 50px !important;}&#8221;]<\/p>\n<p style=\"text-align: justify;\">Somos una empresa tecnol\u00f3gica especializada en procesamiento electr\u00f3nico transaccional que facilita el comercio electr\u00f3nico. MEGAREDCORP S.A., instituci\u00f3n de servicios auxiliares del sistema financiero p\u00fablico y privado autorizada por la Superintendencia de Bancos mediante resoluci\u00f3n SBS-INIF-2010-820, declara realizar actividad l\u00edcita de prestaci\u00f3n de servicios transaccionales de cobros y pagos usando las diferentes tecnolog\u00edas y redes tecnol\u00f3gicas que est\u00e1n establecidos en su objeto social, sometida al control de la Superintendencia de Compa\u00f1\u00edas y vigilada por la actual Superintendencia de Bancos. Mediante Resoluci\u00f3n No. SB-DRTL-2018-0249-M del 23 de marzo de 2018 la SUPERINTENDENCIA DE BANCOS DEL ECUADOR resuelve la recalificaci\u00f3n de la compa\u00f1\u00eda MEGAREDCORP S.A. como instituci\u00f3n de servicios auxiliares de los sectores financieros p\u00fablico y privado. Adem\u00e1s, es una entidad calificada como PLATAFORMA TRANSACCIONAL por el Banco Central de Ecuador.<\/p>\n<p>[\/vc_column_text][vc_empty_space height=&#8221;20px&#8221;][\/vc_column][\/vc_row][vc_row css_animation=&#8221;none&#8221;][vc_column][vc_empty_space height=&#8221;70&#8243;][cms_custom_heading heading_style=&#8221;style2&#8243; subtitle_default=&#8221;&#8221; add_border=&#8221;&#8221; title=&#8221;Quienes Somos&#8221;][vc_row_inner css=&#8221;.vc_custom_1521171506643{margin-top: 48px !important;}&#8221;][vc_column_inner width=&#8221;1\/3&#8243;][cms_custom_heading heading_style=&#8221;style4&#8243; show_icon=&#8221;&#8221; ttext-align=&#8221;text-left&#8221; tfont-weight=&#8221;400&#8243; tfont-style=&#8221;italic&#8221; small=&#8221;&#8221; title=&#8221;Misi\u00f3n&#8221; tfont-size=&#8221;47px&#8221; tline-height=&#8221;53px&#8221;][vc_column_text]Dar acceso a que las personas puedan realizar todos tipos de transacciones en todos sus puntos de pagos.[\/vc_column_text][\/vc_column_inner][vc_column_inner width=&#8221;1\/3&#8243;][cms_custom_heading heading_style=&#8221;style4&#8243; show_icon=&#8221;&#8221; ttext-align=&#8221;text-left&#8221; tfont-weight=&#8221;400&#8243; tfont-style=&#8221;italic&#8221; small=&#8221;&#8221; title=&#8221;Visi\u00f3n&#8221; tfont-size=&#8221;47px&#8221; tline-height=&#8221;53px&#8221;][vc_column_text]Unir las fuerzas de nuestros incorporados y la ciudadan\u00eda para facilitar sus interacciones y crear relaciones sin\u00e9rgicas.[\/vc_column_text][\/vc_column_inner][vc_column_inner width=&#8221;1\/3&#8243;][cms_custom_heading heading_style=&#8221;style4&#8243; show_icon=&#8221;&#8221; ttext-align=&#8221;text-left&#8221; tfont-weight=&#8221;400&#8243; tfont-style=&#8221;italic&#8221; small=&#8221;&#8221; title=&#8221;Objetivos&#8221; tfont-size=&#8221;47px&#8221; tline-height=&#8221;53px&#8221;][vc_column_text]<\/p>\n<p style=\"text-align: justify;\">El objetivo principal de MEGAREDCORP es incorporar organizaciones a nuestra plataforma tecnol\u00f3gica transaccional para crear una mega red accesible, innovadora y segura. Hemos creado una plataforma tecnol\u00f3gica que consolida diversas transacciones financieras y aplicarla en una multitud de puntos de servicio accesible a los ecuatorianos. Nuestras Soluciones permiten que todo tipo de organizaci\u00f3n est\u00e9 m\u00e1s cerca a sus clientes y a la ciudadan\u00eda, brindando servicios y transacciones r\u00e1pidas y seguras por medios diversos.<\/p>\n<p>[\/vc_column_text][\/vc_column_inner][\/vc_row_inner][vc_empty_space height=&#8221;70px&#8221;][\/vc_column][\/vc_row][vc_row full_width=&#8221;stretch_row&#8221; content_placement=&#8221;middle&#8221; css_animation=&#8221;none&#8221;][vc_column][vc_row_inner][vc_column_inner offset=&#8221;vc_col-lg-offset-1 vc_col-lg-10 vc_col-md-offset-1 vc_col-md-10&#8243;][cms_custom_heading heading_style=&#8221;style2&#8243; subtitle_default=&#8221;&#8221; add_border=&#8221;&#8221; title=&#8221;Grupo Megaredcorp&#8221;][vc_empty_space height=&#8221;70px&#8221;][\/vc_column_inner][\/vc_row_inner][vc_row_inner disable_element=&#8221;yes&#8221;][vc_column_inner width=&#8221;1\/2&#8243; offset=&#8221;vc_col-lg-3 vc_col-md-6&#8243;][cms_counter_single counter_style=&#8221;style-1&#8243; icon_fontawesome=&#8221;fa fa-weixin&#8221; digit=&#8221;1&#8243; prefix=&#8221;0&#8243; c_title=&#8221;Get Plan&#8221; cms_template=&#8221;cms_counter_single.php&#8221;][\/vc_column_inner][vc_column_inner width=&#8221;1\/2&#8243; offset=&#8221;vc_col-lg-3 vc_col-md-6&#8243;][cms_counter_single counter_style=&#8221;style-1&#8243; icon_fontawesome=&#8221;fa fa-cog&#8221; digit=&#8221;2&#8243; prefix=&#8221;0&#8243; c_title=&#8221;Developer&#8221; cms_template=&#8221;cms_counter_single.php&#8221;][\/vc_column_inner][vc_column_inner width=&#8221;1\/2&#8243; offset=&#8221;vc_col-lg-3 vc_col-md-6&#8243;][cms_counter_single counter_style=&#8221;style-1&#8243; icon_fontawesome=&#8221;fa fa-wrench&#8221; digit=&#8221;3&#8243; prefix=&#8221;0&#8243; c_title=&#8221;Testing&#8221; cms_template=&#8221;cms_counter_single.php&#8221;][\/vc_column_inner][vc_column_inner width=&#8221;1\/2&#8243; offset=&#8221;vc_col-lg-3 vc_col-md-6&#8243;][cms_counter_single counter_style=&#8221;style-1&#8243; icon_fontawesome=&#8221;fa fa-glass&#8221; digit=&#8221;4&#8243; prefix=&#8221;0&#8243; c_title=&#8221;Launching&#8221; cms_template=&#8221;cms_counter_single.php&#8221;][\/vc_column_inner][\/vc_row_inner][\/vc_column][\/vc_row][vc_row full_width=&#8221;stretch_row_content_no_spaces&#8221; css_animation=&#8221;none&#8221; css=&#8221;.vc_custom_1527697407821{background-position: center !important;background-repeat: no-repeat !important;background-size: cover !important;}&#8221;][vc_column][vc_single_image image=&#8221;492&#8243; img_size=&#8221;full&#8221; alignment=&#8221;center&#8221; css_animation=&#8221;none&#8221;][\/vc_column][\/vc_row][vc_row content_placement=&#8221;middle&#8221; css_animation=&#8221;none&#8221; css=&#8221;.vc_custom_1527697418230{margin-top: 20px !important;}&#8221;][vc_column width=&#8221;1\/2&#8243; css=&#8221;.vc_custom_1516782138697{margin-bottom: 30px !important;}&#8221;]\n<div class=\"wpcf7 no-js\" id=\"wpcf7-f391-o1\" lang=\"en-GB\" dir=\"ltr\">\n<div class=\"screen-reader-response\"><p role=\"status\" aria-live=\"polite\" aria-atomic=\"true\"><\/p> <ul><\/ul><\/div>\n<form action=\"\/Ecuador\/wp-json\/wp\/v2\/pages\/410#wpcf7-f391-o1\" method=\"post\" class=\"wpcf7-form init\" aria-label=\"Formulario de contacto\" novalidate=\"novalidate\" data-status=\"init\">\n<div style=\"display: none;\">\n<input type=\"hidden\" name=\"_wpcf7\" value=\"391\" \/>\n<input type=\"hidden\" name=\"_wpcf7_version\" value=\"5.7.5.1\" \/>\n<input type=\"hidden\" name=\"_wpcf7_locale\" value=\"en_GB\" \/>\n<input type=\"hidden\" name=\"_wpcf7_unit_tag\" value=\"wpcf7-f391-o1\" \/>\n<input type=\"hidden\" name=\"_wpcf7_container_post\" value=\"0\" \/>\n<input type=\"hidden\" name=\"_wpcf7_posted_data_hash\" value=\"\" \/>\n<\/div>\n<div class=\"contact-form contact2\">\n\t<div class=\"row\">\n\t\t<div class=\"col-xs-12 col-sm-12 col-md-6 col-lg-6\">\n\t\t\t<p><label>NOMBRE<\/label>\n\t\t\t<\/p>\n\t\t\t<p><span class=\"wpcf7-form-control-wrap\" data-name=\"full-name\"><input size=\"40\" class=\"wpcf7-form-control wpcf7-text form-control\" aria-invalid=\"false\" placeholder=\"Nombre y apellido\" value=\"\" type=\"text\" name=\"full-name\" \/><\/span>\n\t\t\t<\/p>\n\t\t<\/div>\n\t\t<div class=\"col-xs-12 col-sm-12 col-md-6 col-lg-6\">\n\t\t\t<p><label>TEL\u00c9FONO<\/label>\n\t\t\t<\/p>\n\t\t\t<p><span class=\"wpcf7-form-control-wrap\" data-name=\"your-tel\"><input size=\"40\" class=\"wpcf7-form-control wpcf7-text wpcf7-tel wpcf7-validates-as-tel form-control\" aria-invalid=\"false\" placeholder=\"tel\u00e9fono\" value=\"\" type=\"tel\" name=\"your-tel\" \/><\/span>\n\t\t\t<\/p>\n\t\t<\/div>\n\t\t<div class=\"col-xs-12 col-sm-12 col-md-6 col-lg-6\">\n\t\t\t<p><label>EMAIL<\/label>\n\t\t\t<\/p>\n\t\t\t<p><span class=\"wpcf7-form-control-wrap\" data-name=\"your-email\"><input size=\"40\" class=\"wpcf7-form-control wpcf7-text wpcf7-email wpcf7-validates-as-required wpcf7-validates-as-email form-control\" aria-required=\"true\" aria-invalid=\"false\" placeholder=\"Email\" value=\"\" type=\"email\" name=\"your-email\" \/><\/span>\n\t\t\t<\/p>\n\t\t<\/div>\n\t\t<div class=\"col-xs-12 col-sm-12 col-md-6 col-lg-6\">\n\t\t\t<p><label>ES CLIENTE NUEVO<\/label>\n\t\t\t<\/p>\n\t\t\t<p><span class=\"wpcf7-form-control-wrap\" data-name=\"client-type\"><select class=\"wpcf7-form-control wpcf7-select wpcf7-validates-as-required selectpicker\" aria-required=\"true\" aria-invalid=\"false\" name=\"client-type\"><option value=\"\">Seleccionar<\/option><option value=\"SI, soy nuevo cliente\">SI, soy nuevo cliente<\/option><option value=\"No, soy cliente antiguo\">No, soy cliente antiguo<\/option><\/select><\/span>\n\t\t\t<\/p>\n\t\t<\/div>\n\t\t<div class=\"col-xs-12 col-sm-12 col-md-12 col-lg-12\">\n\t\t\t<p><label>ESCRIBA SU SOLICITUD<\/label>\n\t\t\t<\/p>\n\t\t\t<p><span class=\"wpcf7-form-control-wrap\" data-name=\"your-message\"><textarea cols=\"100\" rows=\"6\" class=\"wpcf7-form-control wpcf7-textarea wpcf7-validates-as-required form-control\" aria-required=\"true\" aria-invalid=\"false\" name=\"your-message\"><\/textarea><\/span>\n\t\t\t<\/p>\n\t\t<\/div>\n\t\t<div class=\"col-xs-12 col-sm-12 col-md-6 col-lg-6\">\n\t\t\t<p><label><div id=\"cf7sr-69d8f1223d546\" class=\"cf7sr-g-recaptcha\" data-sitekey=\"6LeqMrAUAAAAAE1t8nOIgEdEpLyGM4oYF_Y1qGXc\"><\/div><span class=\"wpcf7-form-control-wrap cf7sr-recaptcha\" data-name=\"cf7sr-recaptcha\"><input type=\"hidden\" name=\"cf7sr-recaptcha\" value=\"\" class=\"wpcf7-form-control\"><\/span><\/label>\n\t\t\t<\/p>\n\t\t<\/div>\n\t\t<div class=\"col-xs-12 col-sm-12 col-md-6 col-lg-6\">\n\t\t\t<p class=\"btn-send\"><input class=\"wpcf7-form-control has-spinner wpcf7-submit btn btn-theme-second\" type=\"submit\" value=\"REALIZAR CONSULTA\" \/>\n\t\t\t<\/p>\n\t\t<\/div>\n\t<\/div>\n<\/div><div class=\"wpcf7-response-output\" aria-hidden=\"true\"><\/div>\n<\/form>\n<\/div>\n[\/vc_column][vc_column width=&#8221;1\/2&#8243; css=&#8221;.vc_custom_1516782145119{margin-bottom: 30px !important;}&#8221;][cms_custom_heading heading_style=&#8221;style4&#8243; show_icon=&#8221;&#8221; ttext-align=&#8221;text-left&#8221; small=&#8221;&#8221; title=&#8221;Para cumplir nuestra meta organizacional hemos identificado los siguientes objetivos estrat\u00e9gicos:&#8221; css=&#8221;.vc_custom_1559064333408{margin-bottom: 35px !important;padding-bottom: 20px !important;}&#8221; tfont-size=&#8221;16px&#8221; tline-height=&#8221;42px&#8221;][vc_tta_accordion style=&#8221;theme&#8221; color=&#8221;white&#8221; active_section=&#8221;1&#8243; no_fill=&#8221;true&#8221; collapsible_all=&#8221;true&#8221;][vc_tta_section title=&#8221;Crear una Plataforma Tecnol\u00f3gica \u201cWorld Class\u201d&#8221; tab_id=&#8221;1516767966338-ac871c5c-a6f1&#8243;][vc_column_text]<\/p>\n<p style=\"text-align: justify;\">Utilizamos tecnolog\u00eda de punta reconocida a nivel internacional y especializada para el sector financiero para soportar masivos niveles de transacciones de una manera \u00e1gil, segura y f\u00e1cil.<\/p>\n<p>[\/vc_column_text][\/vc_tta_section][vc_tta_section title=&#8221;Aliarnos con Partners Estrat\u00e9gicos&#8221; tab_id=&#8221;1516767966392-78a14f2a-7e32&#8243;][vc_column_text]<\/p>\n<p style=\"text-align: justify;\">Hemos formado alianzas estrat\u00e9gicas para trabajar de una manera colaborativa en el desarrollo de nuevas soluciones para nuestros clientes. Nuestros Partners incluyen entidades reconocidas mundialmente como HP Enterprise, MICROSOFT.<\/p>\n<p>[\/vc_column_text][\/vc_tta_section][vc_tta_section title=&#8221;Integrar Nuestra Tecnolog\u00eda con el sector financiero&#8221; tab_id=&#8221;1516768065761-68722a04-3b66&#8243;][vc_column_text]<\/p>\n<p style=\"text-align: justify;\">Como auxiliar al sistema financiero estamos autorizados por la Superintendencia de Bancos para prestar servicios de las entidades financieras en cumplimiento con todas las normas y regulaciones.<\/p>\n<p>[\/vc_column_text][\/vc_tta_section][vc_tta_section title=&#8221;Incorporar a Organizaciones del Sector P\u00fablico y Privado&#8221; tab_id=&#8221;1559064172560-3e4e41a3-11cd&#8221;][vc_column_text]<\/p>\n<p style=\"text-align: justify;\">Fomentar la colaboraci\u00f3n entre todas las organizaciones del pa\u00eds es unos de los valores principales nuestros. La incorporaci\u00f3n de entidades publicas y privadas permite expandir exponencialmente la cobertura de la red y el tipo de transacciones que se puedan realizar.<\/p>\n<p>[\/vc_column_text][\/vc_tta_section][vc_tta_section title=&#8221;Ofrecer Soluciones Completas&#8221; tab_id=&#8221;1559064215529-643a93d7-7e41&#8243;][vc_column_text]<\/p>\n<p style=\"text-align: justify;\">Es sumamente importante ofrecer a nuestros clientes soluciones que cubran el espectro de sus necesidades tecnol\u00f3gicas y operativas con soluciones \u201cllave en mano\u201d que sean f\u00e1cilmente integrables.<\/p>\n<p>[\/vc_column_text][\/vc_tta_section][\/vc_tta_accordion][\/vc_column][\/vc_row][vc_row][vc_column][vc_empty_space height=&#8221;70px&#8221;][\/vc_column][\/vc_row]<\/p>\n","protected":false},"excerpt":{"rendered":"<p>[vc_row full_width=&#8221;stretch_row_content_no_spaces&#8221; content_placement=&#8221;middle&#8221; css_animation=&#8221;none&#8221; overlay_opacity=&#8221;&#8221;][vc_column offset=&#8221;vc_col-lg-6 vc_col-md-12&#8243;][cms_team_single layout_mode=&#8221;layout1&#8243; border_image=&#8221;&#8221; options=&#8221;%5B%7B%22social_link%22%3A%22%23%22%2C%22icon_class%22%3A%22fa%20fa-facebook%22%7D%2C%7B%22social_link%22%3A%22%23%22%2C%22icon_class%22%3A%22fa%20fa-twitter%22%7D%2C%7B%22social_link%22%3A%22%23%22%2C%22icon_class%22%3A%22fa%20fa-google-plus%22%7D%5D&#8221; image=&#8221;3879&#8243;][\/vc_column][vc_column offset=&#8221;vc_col-lg-6 vc_col-md-12&#8243; el_class=&#8221;small-column&#8221;][vc_video link=&#8221;https:\/\/youtu.be\/O3_rJ3lpUXY&#8221; align=&#8221;center&#8221;][cms_custom_heading heading_style=&#8221;style4&#8243; show_icon=&#8221;&#8221; ttext-align=&#8221;text-left&#8221; small=&#8221;&#8221; title=&#8221;Megaredcorp&#8221; css=&#8221;.vc_custom_1559061298202{margin-bottom: 15px !important;}&#8221; tfont-size=&#8221;51px&#8221; tline-height=&#8221;60px&#8221;][vc_column_text font_size=&#8221;16px&#8221; color=&#8221;#1a1818&#8243; css=&#8221;.vc_custom_1565884448263{padding-right: 100px !important;padding-bottom: 20px !important;padding-left: 50px !important;}&#8221;] Somos una empresa tecnol\u00f3gica especializada en procesamiento electr\u00f3nico transaccional que facilita el comercio electr\u00f3nico. MEGAREDCORP S.A., instituci\u00f3n de servicios auxiliares<\/p>\n","protected":false},"author":1,"featured_media":0,"parent":0,"menu_order":0,"comment_status":"closed","ping_status":"closed","template":"","meta":[],"_links":{"self":[{"href":"https:\/\/www.megaredcorp.com\/Ecuador\/wp-json\/wp\/v2\/pages\/410"}],"collection":[{"href":"https:\/\/www.megaredcorp.com\/Ecuador\/wp-json\/wp\/v2\/pages"}],"about":[{"href":"https:\/\/www.megaredcorp.com\/Ecuador\/wp-json\/wp\/v2\/types\/page"}],"author":[{"embeddable":true,"href":"https:\/\/www.megaredcorp.com\/Ecuador\/wp-json\/wp\/v2\/users\/1"}],"replies":[{"embeddable":true,"href":"https:\/\/www.megaredcorp.com\/Ecuador\/wp-json\/wp\/v2\/comments?post=410"}],"version-history":[{"count":18,"href":"https:\/\/www.megaredcorp.com\/Ecuador\/wp-json\/wp\/v2\/pages\/410\/revisions"}],"predecessor-version":[{"id":4116,"href":"https:\/\/www.megaredcorp.com\/Ecuador\/wp-json\/wp\/v2\/pages\/410\/revisions\/4116"}],"wp:attachment":[{"href":"https:\/\/www.megaredcorp.com\/Ecuador\/wp-json\/wp\/v2\/media?parent=410"}],"curies":[{"name":"wp","href":"https:\/\/api.w.org\/{rel}","templated":true}]}}