{"id":1623,"date":"2018-03-07T03:19:56","date_gmt":"2018-03-07T03:19:56","guid":{"rendered":"http:\/\/dev.joomexp.com\/wordpress\/consider\/?page_id=1623"},"modified":"2021-11-09T05:28:57","modified_gmt":"2021-11-09T04:28:57","slug":"plataforma-transaccional","status":"publish","type":"page","link":"https:\/\/www.megaredcorp.com\/Ecuador\/plataforma-transaccional\/","title":{"rendered":"Plataforma Transaccional"},"content":{"rendered":"<p>[vc_row css_animation=&#8221;none&#8221; overlay_opacity=&#8221;&#8221; css=&#8221;.vc_custom_1559065119176{margin-right: 0px !important;margin-left: 0px !important;padding-left: 15px !important;background-position: center !important;background-repeat: no-repeat !important;background-size: cover !important;}&#8221;][vc_column][vc_single_image image=&#8221;3887&#8243; img_size=&#8221;full&#8221;][vc_empty_space height=&#8221;90px&#8221;][\/vc_column][\/vc_row][vc_row][vc_column][cms_custom_heading heading_style=&#8221;style2&#8243; subtitle_default=&#8221;&#8221; add_border=&#8221;&#8221; title=&#8221;PLATAFORMA TRANSACCIONAL TECNOL\u00d3GICA&#8221;][vc_column_text css=&#8221;.vc_custom_1559066459084{margin-top: 40px !important;}&#8221;]<\/p>\n<p style=\"text-align: justify;\">Nuestras Soluciones permiten que todo tipo de organizaci\u00f3n est\u00e9 m\u00e1s cerca a sus clientes y a la ciudadan\u00eda, brindando servicios y transacciones r\u00e1pidas y seguras por medios diversos.<\/p>\n<p style=\"text-align: justify;\">Hemos creado una plataforma tecnol\u00f3gica robusta y segura con capacidad de gestionar recaudaciones y diversas transacciones financieras en una multitud de puntos transaccionales accesible a los ecuatorianos. Utilizamos tecnolog\u00eda de punta reconocida a nivel internacional y especializada para el sector financiero para soportar masivos niveles de transacciones de una manera \u00e1gil, segura y f\u00e1cil.<\/p>\n<p>[\/vc_column_text][\/vc_column][\/vc_row][vc_row overlay_opacity=&#8221;&#8221; css=&#8221;.vc_custom_1527696312019{margin-top: 50px !important;}&#8221;][vc_column width=&#8221;1\/2&#8243; css=&#8221;.vc_custom_1520396204020{margin-bottom: 50px !important;}&#8221;][cms_fancybox_single fancy_style=&#8221;style-13&#8243; title_item=&#8221;Expansi\u00f3n de Puntos Transaccionales para Empresas Integradas&#8221; option_type=&#8221;option_image&#8221; image=&#8221;1106&#8243; link=&#8221;url:%23|||&#8221;]<\/p>\n<p style=\"text-align: justify;\">Permite una r\u00e1pida y segura integraci\u00f3n con canales de recaudaci\u00f3n externos, abri\u00e9ndole las oportunidades a su organizaci\u00f3n para para recibir pagos de sus clientes en puntos presenciales a nivel nacional y canales virtuales a trav\u00e9s de canales electr\u00f3nicos.<\/p>\n<p>[\/cms_fancybox_single][\/vc_column][vc_column width=&#8221;1\/2&#8243; css=&#8221;.vc_custom_1520396210472{margin-bottom: 50px !important;}&#8221;][cms_fancybox_single fancy_style=&#8221;style-13&#8243; title_item=&#8221;Acceso a Puntos Transaccionales para Clientes&#8221; option_type=&#8221;option_image&#8221; image=&#8221;1107&#8243; link=&#8221;url:%23|||&#8221;]<\/p>\n<p style=\"text-align: justify;\">Las Personas Naturales y Jur\u00eddicas utilizan los canales virtuales y los puntos presenciales incorporados a MEGARED para realizar pagos\/cobros a entidades incorporadas y otras transacciones financieras.<\/p>\n<p>[\/cms_fancybox_single][\/vc_column][\/vc_row][vc_row][vc_column width=&#8221;1\/2&#8243; css=&#8221;.vc_custom_1520396300137{margin-bottom: 50px !important;}&#8221;][cms_fancybox_single fancy_style=&#8221;style-13&#8243; title_item=&#8221;Procesamiento Transaccional para Entidades Recaudadoras&#8221; option_type=&#8221;option_image&#8221; image=&#8221;1106&#8243; link=&#8221;url:%23|||&#8221;]<\/p>\n<p style=\"text-align: justify;\">Convierte las cajas y ventanillas de tu empresa en puntos transaccionales que pueden recibir pagos de terceros y realizar otras transacciones bancarias.<\/p>\n<p>[\/cms_fancybox_single][\/vc_column][vc_column width=&#8221;1\/2&#8243; css=&#8221;.vc_custom_1520396304488{margin-bottom: 50px !important;}&#8221;][cms_fancybox_single fancy_style=&#8221;style-13&#8243; title_item=&#8221;Administraci\u00f3n Transaccional para Instituciones Financieras&#8221; option_type=&#8221;option_image&#8221; image=&#8221;1107&#8243; link=&#8221;url:%23|||&#8221;]<\/p>\n<p style=\"text-align: justify;\">Las IFIs pueden utilizar el switch transaccional para la administraci\u00f3n completa de todas las transacciones en sus canales o pueden integrarse al switch para agregar transacciones a su ya existente infraestructura.<\/p>\n<p>[\/cms_fancybox_single][\/vc_column][\/vc_row][vc_row][vc_column width=&#8221;1\/2&#8243;][vc_single_image image=&#8221;4022&#8243; img_size=&#8221;full&#8221;][\/vc_column][vc_column width=&#8221;1\/2&#8243;][cms_custom_heading heading_style=&#8221;style2&#8243; subtitle_default=&#8221;&#8221; add_border=&#8221;&#8221; title=&#8221;Bot\u00f3n de Pagos y Procesamiento de Tarjetas&#8221;][vc_column_text]<\/p>\n<p style=\"text-align: justify;\">El Bot\u00f3n de Pago, es un sistema Web con tecnolog\u00eda de punta cuya misi\u00f3n principal es facilitar la recaudaci\u00f3n de pago online. El Bot\u00f3n de Pago puede disgregarse en dos partes, la primera es una interfaz web de pago que permite el ingreso de la informaci\u00f3n necesaria para concretar el pago y la segunda, es una interfaz web de administraci\u00f3n del backend para la configuraci\u00f3n de convenios y transacciones.<\/p>\n<ul style=\"text-align: justify;\">\n<li>&#8211; Soluci\u00f3n con tecnolog\u00eda de punta para sus sistemas de recaudaci\u00f3n.<\/li>\n<li>&#8211; Cumple normas PCI DSS; utiliza SSL (Secure Socket Layers).<\/li>\n<li>&#8211; Evita los altos costos administrativos de contar con cajas f\u00edsicas y de cobranza.<\/li>\n<li>&#8211; Evita manejar efectivo, disminuyendo el riesgo tanto para su empresa como para el cliente final.<\/li>\n<li>&#8211; Aparte de la recaudaci\u00f3n peri\u00f3dica permite recaudar a su empresa la venta on line de sus productos.<\/li>\n<li>&#8211; Un servicio altamente valorado por el cliente final: comodidad, disponibilidad 24 x 7 y totalmente seguro.<\/li>\n<\/ul>\n<p style=\"text-align: justify;\">Brindamos servicios transaccionales para procesar y administrar todo tipo de transacciones financieras, incluyendo transferencias bancarias, dep\u00f3sitos, retiros y pagos con tarjetas de cr\u00e9dito\/d\u00e9bito. Las entidades pueden utilizar el switch transaccional para el env\u00edo y administraci\u00f3n completa de sus pagos en canales de terceros o pueden integrarse al switch para procesar transacciones en su ya existente infraestructura de pagos.<\/p>\n<p>[\/vc_column_text][\/vc_column][\/vc_row][vc_row css_animation=&#8221;none&#8221;][vc_column][vc_row_inner][vc_column_inner][vc_empty_space height=&#8221;50px&#8221;][vc_single_image image=&#8221;3910&#8243; img_size=&#8221;full&#8221;][\/vc_column_inner][\/vc_row_inner][vc_empty_space height=&#8221;50px&#8221;][\/vc_column][\/vc_row][vc_row full_width=&#8221;stretch_row_content&#8221; css_animation=&#8221;none&#8221;][vc_column][vc_single_image image=&#8221;4030&#8243; img_size=&#8221;full&#8221; alignment=&#8221;center&#8221;][vc_empty_space height=&#8221;100px&#8221;][\/vc_column][\/vc_row][vc_row css_animation=&#8221;none&#8221;][vc_column][vc_column_text font_size=&#8221;18px&#8221; line_height=&#8221;30px&#8221; css=&#8221;.vc_custom_1559074675823{margin-bottom: 40px !important;}&#8221;]<\/p>\n<p style=\"text-align: justify;\">Nuestros clientes pueden acceder a la Plataforma Tecnol\u00f3gica Transaccional \u201cWorld Class\u201d en el modelo SaaS aprovechando las bondades transaccionales sin tener que incurrir en los gastos de adquirir sus propios equipos, licencias de software, ni el personal para monitorear y mantener el sistema. La soluci\u00f3n es llave en mano y completamente administrada por nuestro equipo especializado.<\/p>\n<p>[\/vc_column_text][vc_empty_space height=&#8221;90&#8243;][\/vc_column][\/vc_row][vc_row css_animation=&#8221;none&#8221;][vc_column][cms_custom_heading heading_style=&#8221;style2&#8243; subtitle_default=&#8221;&#8221; add_border=&#8221;&#8221; add_icon=&#8221;&#8221; title=&#8221;La Plataforma Tecnol\u00f3gica Transaccional ofrece beneficios en la administraci\u00f3n operativa&#8221; css=&#8221;.vc_custom_1564438986908{margin-bottom: 50px !important;}&#8221; tfont-size=&#8221;24px&#8221;][cms_about about_style=&#8221;style-1&#8243; options=&#8221;%5B%7B%22image%22%3A%224035%22%2C%22title%22%3A%22Se%20automatiza%20el%20proceso%20de%20cuadre%20transaccional%22%7D%2C%7B%22image%22%3A%224039%22%2C%22title%22%3A%22Se%20automatiza%20el%20proceso%20de%20conciliaci%C3%B3n%20bancaria%22%7D%2C%7B%22image%22%3A%224041%22%2C%22title%22%3A%22Facilita%20la%20administraci%C3%B3n%20tributaria%20o%20IFIs%20act%C3%BAan%20como%20agente%20de%20retenci%C3%B3n%22%7D%5D&#8221;][vc_empty_space height=&#8221;200px&#8221;][\/vc_column][\/vc_row]<\/p>\n","protected":false},"excerpt":{"rendered":"<p>[vc_row css_animation=&#8221;none&#8221; overlay_opacity=&#8221;&#8221; css=&#8221;.vc_custom_1559065119176{margin-right: 0px !important;margin-left: 0px !important;padding-left: 15px !important;background-position: center !important;background-repeat: no-repeat !important;background-size: cover !important;}&#8221;][vc_column][vc_single_image image=&#8221;3887&#8243; img_size=&#8221;full&#8221;][vc_empty_space height=&#8221;90px&#8221;][\/vc_column][\/vc_row][vc_row][vc_column][cms_custom_heading heading_style=&#8221;style2&#8243; subtitle_default=&#8221;&#8221; add_border=&#8221;&#8221; title=&#8221;PLATAFORMA TRANSACCIONAL TECNOL\u00d3GICA&#8221;][vc_column_text css=&#8221;.vc_custom_1559066459084{margin-top: 40px !important;}&#8221;] Nuestras Soluciones permiten que todo tipo de organizaci\u00f3n est\u00e9 m\u00e1s cerca a sus clientes y a la ciudadan\u00eda, brindando servicios y transacciones r\u00e1pidas y seguras por medios<\/p>\n","protected":false},"author":1,"featured_media":0,"parent":0,"menu_order":0,"comment_status":"closed","ping_status":"closed","template":"","meta":[],"_links":{"self":[{"href":"https:\/\/www.megaredcorp.com\/Ecuador\/wp-json\/wp\/v2\/pages\/1623"}],"collection":[{"href":"https:\/\/www.megaredcorp.com\/Ecuador\/wp-json\/wp\/v2\/pages"}],"about":[{"href":"https:\/\/www.megaredcorp.com\/Ecuador\/wp-json\/wp\/v2\/types\/page"}],"author":[{"embeddable":true,"href":"https:\/\/www.megaredcorp.com\/Ecuador\/wp-json\/wp\/v2\/users\/1"}],"replies":[{"embeddable":true,"href":"https:\/\/www.megaredcorp.com\/Ecuador\/wp-json\/wp\/v2\/comments?post=1623"}],"version-history":[{"count":30,"href":"https:\/\/www.megaredcorp.com\/Ecuador\/wp-json\/wp\/v2\/pages\/1623\/revisions"}],"predecessor-version":[{"id":4117,"href":"https:\/\/www.megaredcorp.com\/Ecuador\/wp-json\/wp\/v2\/pages\/1623\/revisions\/4117"}],"wp:attachment":[{"href":"https:\/\/www.megaredcorp.com\/Ecuador\/wp-json\/wp\/v2\/media?parent=1623"}],"curies":[{"name":"wp","href":"https:\/\/api.w.org\/{rel}","templated":true}]}}