{"id":133,"date":"2018-01-12T06:53:41","date_gmt":"2018-01-12T06:53:41","guid":{"rendered":"http:\/\/dev.joomexp.com\/wordpress\/consider\/?page_id=133"},"modified":"2021-09-16T20:34:09","modified_gmt":"2021-09-16T18:34:09","slug":"servicios-complementarios","status":"publish","type":"page","link":"https:\/\/www.megaredcorp.com\/Ecuador\/servicios-complementarios\/","title":{"rendered":"Servicios Complementarios"},"content":{"rendered":"<p>[vc_row][vc_column width=&#8221;1\/2&#8243; css=&#8221;.vc_custom_1564439468165{padding-top: 160px !important;}&#8221;][vc_single_image image=&#8221;4053&#8243; img_size=&#8221;full&#8221; alignment=&#8221;center&#8221; style=&#8221;top-overlap&#8221; css_animation=&#8221;none&#8221;][vc_empty_space height=&#8221;2&#8243;][vc_empty_space height=&#8221;2&#8243;][vc_empty_space height=&#8221;2&#8243;][\/vc_column][vc_column width=&#8221;1\/2&#8243;][cms_custom_heading heading_style=&#8221;style4&#8243; show_icon=&#8221;&#8221; ttext-align=&#8221;text-left&#8221; tfont-weight=&#8221;900&#8243; small=&#8221;&#8221; title=&#8221;SERVICIOS COMPLEMENTARIOS&#8221; tfont-size=&#8221;32px&#8221; tline-height=&#8221;40px&#8221; css=&#8221;.vc_custom_1559075131302{margin-bottom: 25px !important;}&#8221;][vc_column_text css=&#8221;.vc_custom_1559075147201{margin-bottom: 40px !important;}&#8221;]<\/p>\n<p style=\"text-align: justify;\">Ofrecemos una gama de servicios operativos, tecnol\u00f3gicos y de asesor\u00eda que a\u00f1aden valor a nuestras soluciones principales y mejoran la gesti\u00f3n administrativa de nuestros clientes. El resultado es que su organizaci\u00f3n moderniza su tecnolog\u00eda, optimiza sus procesos y se vuelve mas eficiente.<\/p>\n<p>[\/vc_column_text][vc_empty_space height=&#8221;2&#8243;][cms_custom_heading heading_style=&#8221;style4&#8243; show_icon=&#8221;&#8221; ttext-align=&#8221;text-left&#8221; tfont-weight=&#8221;900&#8243; small=&#8221;&#8221; title=&#8221;Facturaci\u00f3n Electr\u00f3nica&#8221; tfont-size=&#8221;32px&#8221; tline-height=&#8221;40px&#8221; css=&#8221;.vc_custom_1559075390875{margin-bottom: 25px !important;}&#8221;][vc_column_text css=&#8221;.vc_custom_1559075416105{margin-bottom: 40px !important;}&#8221;]<\/p>\n<p style=\"text-align: justify;\">Moderniza la gesti\u00f3n tributaria generando documentos de comprobantes electr\u00f3nicos en l\u00ednea con el SRI. La soluci\u00f3n integral incluye portal de clientes, firma digital, notificaci\u00f3n en l\u00ednea, almacenamiento e integraci\u00f3n con sistemas contables.<\/p>\n<p>[\/vc_column_text][vc_empty_space height=&#8221;2&#8243;][cms_custom_heading heading_style=&#8221;style4&#8243; show_icon=&#8221;&#8221; ttext-align=&#8221;text-left&#8221; tfont-weight=&#8221;900&#8243; small=&#8221;&#8221; title=&#8221;Cobranzas&#8221; tfont-size=&#8221;32px&#8221; tline-height=&#8221;40px&#8221; css=&#8221;.vc_custom_1559075484730{margin-bottom: 25px !important;}&#8221;][vc_column_text css=&#8221;.vc_custom_1559075494435{margin-bottom: 40px !important;}&#8221;]<\/p>\n<p style=\"text-align: justify;\">Brindamos servicios de cobranza y administraci\u00f3n de cartera con nuestro personal especializado y el uso de tecnolog\u00eda financiera, herramientas estad\u00edsticas y administraci\u00f3n de procesos que permitan reducir la exposici\u00f3n de cartera vigente y vencida.<\/p>\n<p>[\/vc_column_text][vc_empty_space height=&#8221;2&#8243;][\/vc_column][\/vc_row][vc_row][vc_column width=&#8221;1\/2&#8243;][vc_single_image image=&#8221;4104&#8243; img_size=&#8221;600&#215;600&#8243; alignment=&#8221;center&#8221;][\/vc_column][vc_column width=&#8221;1\/2&#8243;][cms_custom_heading heading_style=&#8221;style4&#8243; show_icon=&#8221;&#8221; ttext-align=&#8221;text-left&#8221; tfont-weight=&#8221;900&#8243; small=&#8221;&#8221; title=&#8221;DataCenter RedNonStop&#8221; tfont-size=&#8221;32px&#8221; tline-height=&#8221;40px&#8221; css=&#8221;.vc_custom_1631814627462{margin-bottom: 25px !important;}&#8221;][vc_column_text css=&#8221;.vc_custom_1631814701074{margin-bottom: 40px !important;}&#8221;]Como parte de los servicios que presta MEGAREDCORP, est\u00e1 el Datacenter Red NonStop que naci\u00f3 de una alianza entre empresas del grupo con la finalidad de brindar servicios de telecomunicaciones.<\/p>\n<p>Para ver el detalle de los servicios prestados visita su p\u00e1gina <a href=\"https:\/\/rednonstop.com\/\">https:\/\/rednonstop.com\/<\/a>[\/vc_column_text][\/vc_column][\/vc_row][vc_row css_animation=&#8221;none&#8221; overlay_opacity=&#8221;&#8221;][vc_column el_class=&#8221;text-center&#8221;][vc_empty_space height=&#8221;90px&#8221;][vc_single_image image=&#8221;3926&#8243; img_size=&#8221;full&#8221; alignment=&#8221;center&#8221; css_animation=&#8221;none&#8221;][vc_empty_space height=&#8221;90px&#8221;][\/vc_column][\/vc_row]<\/p>\n","protected":false},"excerpt":{"rendered":"<p>[vc_row][vc_column width=&#8221;1\/2&#8243; css=&#8221;.vc_custom_1564439468165{padding-top: 160px !important;}&#8221;][vc_single_image image=&#8221;4053&#8243; img_size=&#8221;full&#8221; alignment=&#8221;center&#8221; style=&#8221;top-overlap&#8221; css_animation=&#8221;none&#8221;][vc_empty_space height=&#8221;2&#8243;][vc_empty_space height=&#8221;2&#8243;][vc_empty_space height=&#8221;2&#8243;][\/vc_column][vc_column width=&#8221;1\/2&#8243;][cms_custom_heading heading_style=&#8221;style4&#8243; show_icon=&#8221;&#8221; ttext-align=&#8221;text-left&#8221; tfont-weight=&#8221;900&#8243; small=&#8221;&#8221; title=&#8221;SERVICIOS COMPLEMENTARIOS&#8221; tfont-size=&#8221;32px&#8221; tline-height=&#8221;40px&#8221; css=&#8221;.vc_custom_1559075131302{margin-bottom: 25px !important;}&#8221;][vc_column_text css=&#8221;.vc_custom_1559075147201{margin-bottom: 40px !important;}&#8221;] Ofrecemos una gama de servicios operativos, tecnol\u00f3gicos y de asesor\u00eda que a\u00f1aden valor a nuestras soluciones principales y mejoran la gesti\u00f3n administrativa de nuestros clientes. El<\/p>\n","protected":false},"author":1,"featured_media":0,"parent":0,"menu_order":0,"comment_status":"closed","ping_status":"closed","template":"","meta":[],"_links":{"self":[{"href":"https:\/\/www.megaredcorp.com\/Ecuador\/wp-json\/wp\/v2\/pages\/133"}],"collection":[{"href":"https:\/\/www.megaredcorp.com\/Ecuador\/wp-json\/wp\/v2\/pages"}],"about":[{"href":"https:\/\/www.megaredcorp.com\/Ecuador\/wp-json\/wp\/v2\/types\/page"}],"author":[{"embeddable":true,"href":"https:\/\/www.megaredcorp.com\/Ecuador\/wp-json\/wp\/v2\/users\/1"}],"replies":[{"embeddable":true,"href":"https:\/\/www.megaredcorp.com\/Ecuador\/wp-json\/wp\/v2\/comments?post=133"}],"version-history":[{"count":31,"href":"https:\/\/www.megaredcorp.com\/Ecuador\/wp-json\/wp\/v2\/pages\/133\/revisions"}],"predecessor-version":[{"id":3928,"href":"https:\/\/www.megaredcorp.com\/Ecuador\/wp-json\/wp\/v2\/pages\/133\/revisions\/3928"}],"wp:attachment":[{"href":"https:\/\/www.megaredcorp.com\/Ecuador\/wp-json\/wp\/v2\/media?parent=133"}],"curies":[{"name":"wp","href":"https:\/\/api.w.org\/{rel}","templated":true}]}}